{"id":4910,"date":"2023-10-20T14:35:08","date_gmt":"2023-10-20T12:35:08","guid":{"rendered":"https:\/\/www.zakupywusa.com.pl\/?page_id=4910"},"modified":"2026-03-04T19:19:40","modified_gmt":"2026-03-04T18:19:40","slug":"terms-conditions","status":"publish","type":"page","link":"https:\/\/www.zakupywusa.com.pl\/en\/terms-conditions\/","title":{"rendered":"Terms and Conditions"},"content":{"rendered":"<div data-elementor-type=\"wp-page\" data-elementor-id=\"4910\" class=\"elementor elementor-4910\">\n\t\t\t\t\t\t\t\t\t<section class=\"elementor-section elementor-top-section elementor-element elementor-element-64c9575 elementor-section-boxed elementor-section-height-default elementor-section-height-default\" data-id=\"64c9575\" data-element_type=\"section\" data-settings=\"{&quot;background_background&quot;:&quot;classic&quot;}\">\n\t\t\t\t\t\t\t<div class=\"elementor-background-overlay\"><\/div>\n\t\t\t\t\t\t\t<div class=\"elementor-container elementor-column-gap-default\">\n\t\t\t\t\t<div class=\"elementor-column elementor-col-100 elementor-top-column elementor-element elementor-element-3601618\" data-id=\"3601618\" data-element_type=\"column\">\n\t\t\t<div class=\"elementor-widget-wrap elementor-element-populated\">\n\t\t\t\t\t\t\t\t<div class=\"elementor-element elementor-element-c1f1f12 elementor-widget elementor-widget-bdt-advanced-heading\" data-id=\"c1f1f12\" data-element_type=\"widget\" data-widget_type=\"bdt-advanced-heading.default\">\n\t\t\t\t<div class=\"elementor-widget-container\">\n\t\t\t<div id =\"c1f1f12\" class=\"bdt-ep-advanced-heading\" data-settings=\"{&quot;titleMultiColor&quot;:&quot;no&quot;}\"><div class=\"bdt-ep-advanced-heading-content\"><div class=\"\">Terms and Conditions<\/div><\/div><div class=\"bdt-ep-advanced-heading-sub-title\"><div class=\"bdt-ep-advanced-heading-sub-title-content\">Terms and Conditions<\/div><\/div> <h2 class=\"bdt-ep-advanced-heading-title\"><\/h2><\/div>\t\t<\/div>\n\t\t\t\t<\/div>\n\t\t\t\t\t<\/div>\n\t\t<\/div>\n\t\t\t\t\t\t\t<\/div>\n\t\t<\/section>\n\t\t\t\t<section class=\"elementor-section elementor-top-section elementor-element elementor-element-fe4ffe4 elementor-section-boxed elementor-section-height-default elementor-section-height-default\" data-id=\"fe4ffe4\" data-element_type=\"section\">\n\t\t\t\t\t\t<div class=\"elementor-container elementor-column-gap-default\">\n\t\t\t\t\t<div class=\"elementor-column elementor-col-100 elementor-top-column elementor-element elementor-element-54ba5ff\" data-id=\"54ba5ff\" data-element_type=\"column\">\n\t\t\t<div class=\"elementor-widget-wrap elementor-element-populated\">\n\t\t\t\t\t\t\t\t<div class=\"elementor-element elementor-element-3fbc1e3 elementor-widget elementor-widget-heading\" data-id=\"3fbc1e3\" data-element_type=\"widget\" data-widget_type=\"heading.default\">\n\t\t\t\t<div class=\"elementor-widget-container\">\n\t\t\t<style>\/*! elementor - v3.11.3 - 07-03-2023 *\/\n.elementor-heading-title{padding:0;margin:0;line-height:1}.elementor-widget-heading .elementor-heading-title[class*=elementor-size-]>a{color:inherit;font-size:inherit;line-height:inherit}.elementor-widget-heading .elementor-heading-title.elementor-size-small{font-size:15px}.elementor-widget-heading .elementor-heading-title.elementor-size-medium{font-size:19px}.elementor-widget-heading .elementor-heading-title.elementor-size-large{font-size:29px}.elementor-widget-heading .elementor-heading-title.elementor-size-xl{font-size:39px}.elementor-widget-heading .elementor-heading-title.elementor-size-xxl{font-size:59px}<\/style><h2 class=\"elementor-heading-title elementor-size-default\">Terms and Conditions<\/h2>\t\t<\/div>\n\t\t\t\t<\/div>\n\t\t\t\t<div class=\"elementor-element elementor-element-35e1f9f elementor-widget elementor-widget-text-editor\" data-id=\"35e1f9f\" data-element_type=\"widget\" data-widget_type=\"text-editor.default\">\n\t\t\t\t<div class=\"elementor-widget-container\">\n\t\t\t<style>\/*! elementor - v3.11.3 - 07-03-2023 *\/\n.elementor-widget-text-editor.elementor-drop-cap-view-stacked .elementor-drop-cap{background-color:#818a91;color:#fff}.elementor-widget-text-editor.elementor-drop-cap-view-framed .elementor-drop-cap{color:#818a91;border:3px solid;background-color:transparent}.elementor-widget-text-editor:not(.elementor-drop-cap-view-default) .elementor-drop-cap{margin-top:8px}.elementor-widget-text-editor:not(.elementor-drop-cap-view-default) .elementor-drop-cap-letter{width:1em;height:1em}.elementor-widget-text-editor .elementor-drop-cap{float:left;text-align:center;line-height:1;font-size:50px}.elementor-widget-text-editor .elementor-drop-cap-letter{display:inline-block}<\/style>\t\t\t\t<p>Posted: December 17, 2019<\/p><p>Terms and Conditions for using our online services.<\/p>\t\t\t\t\t\t<\/div>\n\t\t\t\t<\/div>\n\t\t\t\t<div class=\"elementor-element elementor-element-c3a869c elementor-widget elementor-widget-heading\" data-id=\"c3a869c\" data-element_type=\"widget\" data-widget_type=\"heading.default\">\n\t\t\t\t<div class=\"elementor-widget-container\">\n\t\t\t<h2 class=\"elementor-heading-title elementor-size-default\">Acceptance of the Terms and Conditions<\/h2>\t\t<\/div>\n\t\t\t\t<\/div>\n\t\t\t\t<div class=\"elementor-element elementor-element-96b5184 elementor-widget elementor-widget-text-editor\" data-id=\"96b5184\" data-element_type=\"widget\" data-widget_type=\"text-editor.default\">\n\t\t\t\t<div class=\"elementor-widget-container\">\n\t\t\t\t\t\t\t<p>Korzystaj\u0105c z us\u0142ug Zakupy w USA z siedzib\u0105 501 Silverside Road, Suite 105, Wilmington, 19809 DE (dalej tak\u017ce \u201emy\u201d, \u201enas\u201d, \u201enasze\u201d, a tak\u017ce \u201eSp\u00f3\u0142ka\u201d lub \u201eUs\u0142ugodawca\u201d) oraz funkcjonalno\u015bci strony internetowej pod adresem <a href=\"https:\/\/www.zakupywusa.com.pl\/en\/\">https:\/\/www.zakupywusa.com.pl<\/a> (hereinafter: \"Website\", \"Platform\", \"Website\"), you agree to comply with these Terms and Conditions. If you do not agree to these Terms and Conditions, please refrain from using our services. The Website is an internet service that enables residents of foreign countries to commission intermediation services in the purchase of goods in the territory of another country, in particular the United States of America and European Union countries.<\/p>\t\t\t\t\t\t<\/div>\n\t\t\t\t<\/div>\n\t\t\t\t<div class=\"elementor-element elementor-element-ef2ee1c elementor-widget elementor-widget-heading\" data-id=\"ef2ee1c\" data-element_type=\"widget\" data-widget_type=\"heading.default\">\n\t\t\t\t<div class=\"elementor-widget-container\">\n\t\t\t<h2 class=\"elementor-heading-title elementor-size-default\">Users<\/h2>\t\t<\/div>\n\t\t\t\t<\/div>\n\t\t\t\t<div class=\"elementor-element elementor-element-c032feb elementor-widget elementor-widget-text-editor\" data-id=\"c032feb\" data-element_type=\"widget\" data-widget_type=\"text-editor.default\">\n\t\t\t\t<div class=\"elementor-widget-container\">\n\t\t\t\t\t\t\t<p>Users of the Website using our services may only be natural persons who are over 18 years of age, who, in accordance with the law of their country of residence, have full legal capacity and can enter into a legally binding contract. In situations where we write about Website Users in these Terms and Conditions, we will also use phrases in the second person singular, such as \"You\", \"Your\", etc.<\/p>\t\t\t\t\t\t<\/div>\n\t\t\t\t<\/div>\n\t\t\t\t<div class=\"elementor-element elementor-element-deb1659 elementor-widget elementor-widget-heading\" data-id=\"deb1659\" data-element_type=\"widget\" data-widget_type=\"heading.default\">\n\t\t\t\t<div class=\"elementor-widget-container\">\n\t\t\t<h2 class=\"elementor-heading-title elementor-size-default\">What should I do to use the Website?<\/h2>\t\t<\/div>\n\t\t\t\t<\/div>\n\t\t\t\t<div class=\"elementor-element elementor-element-d96be88 elementor-widget elementor-widget-text-editor\" data-id=\"d96be88\" data-element_type=\"widget\" data-widget_type=\"text-editor.default\">\n\t\t\t\t<div class=\"elementor-widget-container\">\n\t\t\t\t\t\t\t<p>To use the Services, the User must have a device enabling access to the Internet and browsing its resources. Lack of Internet access or long-term interruptions in Internet access may result in improper operation of the Website.<\/p>\t\t\t\t\t\t<\/div>\n\t\t\t\t<\/div>\n\t\t\t\t<div class=\"elementor-element elementor-element-ebe8433 elementor-widget elementor-widget-heading\" data-id=\"ebe8433\" data-element_type=\"widget\" data-widget_type=\"heading.default\">\n\t\t\t\t<div class=\"elementor-widget-container\">\n\t\t\t<h2 class=\"elementor-heading-title elementor-size-default\">Intermediation service. Conclusion of the contract. Power of attorney.<\/h2>\t\t<\/div>\n\t\t\t\t<\/div>\n\t\t\t\t<div class=\"elementor-element elementor-element-9953b8f elementor-widget elementor-widget-text-editor\" data-id=\"9953b8f\" data-element_type=\"widget\" data-widget_type=\"text-editor.default\">\n\t\t\t\t<div class=\"elementor-widget-container\">\n\t\t\t\t\t\t\t<p>The essence of the intermediation service we provide is to conclude a sales contract on your behalf and on your account with the seller indicated and selected by you. The seller is indicated by sending us the URL address of the items you are interested in on foreign e-commerce platforms via a form on our Website, e-mail or a message via social networking sites. After receiving the URL of the product(s) from you, we make an individual valuation of our services, presenting you in a return message the total price of the selected products along with the price of our services in your local currency. When making an individual valuation, we take into account, among others, the following factors: dimensions, weight, gross base price of selected products, local taxes such as value added tax, sales tax and others, domestic and international transport costs and our margin. If you agree to the offer presented by us, we ask you to accept it and pay it with an amount of at least 50% of the valuation in the manner indicated in our message. The remaining amount is paid by you upon receipt of the shipment (by bank transfer after the shipment reaches the destination country or to the courier on delivery).<\/p><p>The conditions for the implementation of the intermediation agreement are:<\/p><ul><li>providing your name and surname,<\/li><li>providing the shipment delivery address,<\/li><li>providing your phone number,<\/li><li>providing other data necessary to make a purchase on an external e-commerce platform, such as size, color, taste, smell or other parameters that can be individualized via the website of the external e-commerce platform.<\/li><\/ul><p>When the order is properly paid, an intermediation agreement is concluded, and you therefore grant us a power of attorney to conclude, on your behalf, with the seller selected by you, a purchase agreement for the goods indicated by you, this means that you become the owner of the ordered goods once we have paid for the goods at the seller indicated by you, and we will order it to be delivered to you from a country of origin to the address indicated. As part of the commission we collect, we cover, in addition to the costs of goods and their shipment, all other costs such as currency conversion rates, credit card fees, bank fees, costs of storing parcels with the exception of customs duties, taxes or import fees, and value added tax related to the import of goods to the area covered by the territorial scope of value added tax taxation or other charges of a similar nature related to the import of goods from outside your jurisdiction.<\/p>\t\t\t\t\t\t<\/div>\n\t\t\t\t<\/div>\n\t\t\t\t<div class=\"elementor-element elementor-element-a411d23 elementor-widget elementor-widget-heading\" data-id=\"a411d23\" data-element_type=\"widget\" data-widget_type=\"heading.default\">\n\t\t\t\t<div class=\"elementor-widget-container\">\n\t\t\t<h2 class=\"elementor-heading-title elementor-size-default\">Deadline for the implementation of the intermediation agreement<\/h2>\t\t<\/div>\n\t\t\t\t<\/div>\n\t\t\t\t<div class=\"elementor-element elementor-element-2b88e9f elementor-widget elementor-widget-text-editor\" data-id=\"2b88e9f\" data-element_type=\"widget\" data-widget_type=\"text-editor.default\">\n\t\t\t\t<div class=\"elementor-widget-container\">\n\t\t\t\t\t\t\t<p>As a Service Provider, we will complete the purchase order within 3 business days (Monday - Friday, excluding holidays in the United States and other countries related to the execution of a given order). If the goods you indicate are not in the seller's warehouse, we will inform you and, at your discretion, you may withdraw from the order or order the purchase of other goods. In each such situation, the deadline for processing the purchase order is another 3 business days.<\/p>\t\t\t\t\t\t<\/div>\n\t\t\t\t<\/div>\n\t\t\t\t<div class=\"elementor-element elementor-element-d468d9d elementor-widget elementor-widget-heading\" data-id=\"d468d9d\" data-element_type=\"widget\" data-widget_type=\"heading.default\">\n\t\t\t\t<div class=\"elementor-widget-container\">\n\t\t\t<h2 class=\"elementor-heading-title elementor-size-default\">Delivery time<\/h2>\t\t<\/div>\n\t\t\t\t<\/div>\n\t\t\t\t<div class=\"elementor-element elementor-element-7de2fbb elementor-widget elementor-widget-text-editor\" data-id=\"7de2fbb\" data-element_type=\"widget\" data-widget_type=\"text-editor.default\">\n\t\t\t\t<div class=\"elementor-widget-container\">\n\t\t\t\t\t\t\t<p>The delivery date of the products you order depends on the delivery dates of the seller you selected. In the message sent to you after placing an order for intermediation services, we will inform you about the approximate waiting time for the goods you have ordered. In most cases, you will wait 15-30 days for your goods from the time of purchase.<\/p>\t\t\t\t\t\t<\/div>\n\t\t\t\t<\/div>\n\t\t\t\t<div class=\"elementor-element elementor-element-a7f888b elementor-widget elementor-widget-heading\" data-id=\"a7f888b\" data-element_type=\"widget\" data-widget_type=\"heading.default\">\n\t\t\t\t<div class=\"elementor-widget-container\">\n\t\t\t<h2 class=\"elementor-heading-title elementor-size-default\">Responsibility<\/h2>\t\t<\/div>\n\t\t\t\t<\/div>\n\t\t\t\t<div class=\"elementor-element elementor-element-b0d1d20 elementor-widget elementor-widget-text-editor\" data-id=\"b0d1d20\" data-element_type=\"widget\" data-widget_type=\"text-editor.default\">\n\t\t\t\t<div class=\"elementor-widget-container\">\n\t\t\t\t\t\t\t<p>You cannot hold us liable for the content posted by the sellers you select on their websites, including any translations of that content made by you, their acts or omissions, or for the items they offer for sale. You acknowledge that we only provide an intermediary service. We do not control or guarantee the quality, safety or legality of the items you purchase, the reliability or accuracy of sales offers from third party e-commerce platforms or platforms independent of us, the quality of your own translations, the ability of sellers to sell items or that a buyer or seller will complete a transaction or will return the item, as well as the warranty, exchange and return terms.<\/p><p>Nothing in this Terms and Conditions limits or excludes our liability for fraudulent misrepresentation or for any other circumstances arising from our willful breach. Our services may be interfered with by numerous factors beyond our control. Accordingly, to the extent permitted by law, we exclude all implied warranties and conditions. We are not liable for monetary losses caused by unintentional fault, damage to reputation or good name, or for lost profits in connection with your use of our websites and services.<\/p><p>We are not responsible for any delays or issues related to import regulations in the destination country. Users are responsible for ensuring that the products they purchase comply with import regulations or other restrictions in force in their jurisdiction.<\/p><p>We are not responsible for paying taxes, fees and any other charges that you must pay under the regulations of your place of tax residence or stay in connection with your purchase<\/p>\t\t\t\t\t\t<\/div>\n\t\t\t\t<\/div>\n\t\t\t\t<div class=\"elementor-element elementor-element-7d95afb elementor-widget elementor-widget-heading\" data-id=\"7d95afb\" data-element_type=\"widget\" data-widget_type=\"heading.default\">\n\t\t\t\t<div class=\"elementor-widget-container\">\n\t\t\t<h2 class=\"elementor-heading-title elementor-size-default\">Refusal to provide the intermediation service<\/h2>\t\t<\/div>\n\t\t\t\t<\/div>\n\t\t\t\t<div class=\"elementor-element elementor-element-dc961a2 elementor-widget elementor-widget-text-editor\" data-id=\"dc961a2\" data-element_type=\"widget\" data-widget_type=\"text-editor.default\">\n\t\t\t\t<div class=\"elementor-widget-container\">\n\t\t\t\t\t\t\t<p>You acknowledge that we may refuse to provide brokerage services for the following products:<\/p><ul><li>counterfeits, unlicensed copies of products, counterfeit goods, live animals or plants, human or animal remains, products that are perishable or require special handling conditions (e.g. temperature or humidity control),<\/li><li>military goods or other goods subject to prohibitions, licenses, permits or consents (such as dual-use items or weapons) for their import, export, transit or carriage under export control legislation, applicable sanctions and regulations or other restrictions,<\/li><li>goods that are subject to regulatory procedures (for example, excise goods) or a special transport permit,<\/li><li>dangerous materials, dangerous goods, articles prohibited or restricted by ADR (European Agreement concerning the International Carriage of Dangerous Goods by Road) for road shipments, IATA (International Air Transport Association) and ICAO (International Civil Aviation Organization) for air shipments or other relevant organizations in the jurisdictions we serve,<\/li><li>precious metals or precious stones, antiques, unique works of art or other items of special value, characterized by high risk.<\/li><\/ul>\t\t\t\t\t\t<\/div>\n\t\t\t\t<\/div>\n\t\t\t\t<div class=\"elementor-element elementor-element-70c5b2c elementor-widget elementor-widget-heading\" data-id=\"70c5b2c\" data-element_type=\"widget\" data-widget_type=\"heading.default\">\n\t\t\t\t<div class=\"elementor-widget-container\">\n\t\t\t<h2 class=\"elementor-heading-title elementor-size-default\">Prohibition on providing illegal content<\/h2>\t\t<\/div>\n\t\t\t\t<\/div>\n\t\t\t\t<div class=\"elementor-element elementor-element-44a0e98 elementor-widget elementor-widget-text-editor\" data-id=\"44a0e98\" data-element_type=\"widget\" data-widget_type=\"text-editor.default\">\n\t\t\t\t<div class=\"elementor-widget-container\">\n\t\t\t\t\t\t\t<p>Users may not use the Website for activities that are inconsistent with applicable law, in particular those that cause or may cause overload of the Service Provider's IT infrastructure.<\/p>\t\t\t\t\t\t<\/div>\n\t\t\t\t<\/div>\n\t\t\t\t<div class=\"elementor-element elementor-element-3cb375e elementor-widget elementor-widget-heading\" data-id=\"3cb375e\" data-element_type=\"widget\" data-widget_type=\"heading.default\">\n\t\t\t\t<div class=\"elementor-widget-container\">\n\t\t\t<h2 class=\"elementor-heading-title elementor-size-default\">Complaints<\/h2>\t\t<\/div>\n\t\t\t\t<\/div>\n\t\t\t\t<div class=\"elementor-element elementor-element-8c1ceea elementor-widget elementor-widget-text-editor\" data-id=\"8c1ceea\" data-element_type=\"widget\" data-widget_type=\"text-editor.default\">\n\t\t\t\t<div class=\"elementor-widget-container\">\n\t\t\t\t\t\t\t<p>Masz prawo do z\u0142o\u017cenia reklamacji, je\u017celi us\u0142ugi przewidziane w niniejszym Regulaminie nie s\u0105 realizowane przez nas lub s\u0105 realizowane niezgodnie z postanowieniami tego Regulaminu. Reklamacj\u0119 mo\u017cna z\u0142o\u017cy\u0107 w formie pisemnej lub w formie elektronicznej za pomoc\u0105 poczty na adres: kontakt@zakupywusa.com.pl Reklamacja powinna zawiera\u0107 co najmniej imi\u0119 i nazwisko, dane kontaktowe takie jak e-mail oraz opis zg\u0142aszanych zastrze\u017ce\u0144. Je\u017celi podane w reklamacji dane lub informacje wymagaj\u0105 uzupe\u0142nienia, przed rozpatrzeniem reklamacji zwr\u00f3cimy si\u0119 do U\u017cytkownika sk\u0142adaj\u0105cego reklamacj\u0119 o jej uzupe\u0142nienie we wskazanym zakresie wyznaczaj\u0105c mu w tym celu odpowiedni termin, nie kr\u00f3tszy ni\u017c 7 dni. Przyjmujemy na siebie obowi\u0105zek rozpatrzenia reklamacji w terminie 30 dni od daty jej otrzymania w prawid\u0142owej postaci. Odpowied\u017a na reklamacj\u0119 wysy\u0142ana jest na adres e-mail U\u017cytkownika lub na wskazany przez niego adres pocztowy.<\/p>\t\t\t\t\t\t<\/div>\n\t\t\t\t<\/div>\n\t\t\t\t<div class=\"elementor-element elementor-element-ab96062 elementor-widget elementor-widget-heading\" data-id=\"ab96062\" data-element_type=\"widget\" data-widget_type=\"heading.default\">\n\t\t\t\t<div class=\"elementor-widget-container\">\n\t\t\t<h2 class=\"elementor-heading-title elementor-size-default\">Changes to the Terms and Conditions<\/h2>\t\t<\/div>\n\t\t\t\t<\/div>\n\t\t\t\t<div class=\"elementor-element elementor-element-db37303 elementor-widget elementor-widget-text-editor\" data-id=\"db37303\" data-element_type=\"widget\" data-widget_type=\"text-editor.default\">\n\t\t\t\t<div class=\"elementor-widget-container\">\n\t\t\t\t\t\t\t<p>We may change these Terms and Conditions for important reasons (in particular those dictated by technical or legal reasons, as well as the development of our IT infrastructure, the introduction of new services or functionalities or an increase in our costs), without the need to justify these reasons to Users. If any of the provisions of these Terms and Conditions are changed or invalidated as a result of a final court decision, the remaining provisions shall remain in force and bind the Users and the Service Provider.<\/p>\t\t\t\t\t\t<\/div>\n\t\t\t\t<\/div>\n\t\t\t\t<div class=\"elementor-element elementor-element-97b750c elementor-widget elementor-widget-heading\" data-id=\"97b750c\" data-element_type=\"widget\" data-widget_type=\"heading.default\">\n\t\t\t\t<div class=\"elementor-widget-container\">\n\t\t\t<h2 class=\"elementor-heading-title elementor-size-default\">Jurisdiction<\/h2>\t\t<\/div>\n\t\t\t\t<\/div>\n\t\t\t\t<div class=\"elementor-element elementor-element-f1ae097 elementor-widget elementor-widget-text-editor\" data-id=\"f1ae097\" data-element_type=\"widget\" data-widget_type=\"text-editor.default\">\n\t\t\t\t<div class=\"elementor-widget-container\">\n\t\t\t\t\t\t\t<p>These Terms and Conditions and the contractual relationship between the Company and the User are governed by the laws of the US state of Delaware, except for provisions inconsistent with federal law of the United States of America.<\/p>\t\t\t\t\t\t<\/div>\n\t\t\t\t<\/div>\n\t\t\t\t\t<\/div>\n\t\t<\/div>\n\t\t\t\t\t\t\t<\/div>\n\t\t<\/section>\n\t\t\t\t\t\t\t<\/div>","protected":false},"excerpt":{"rendered":"<p>Terms and ConditionsRegulamin Regulamin Posted: December 17, 2019 Regulamin okre\u015bla zasady dzia\u0142ania serwisu internetowego Zakupy w USA. Akceptacja Regulaminu Korzystaj\u0105c &hellip;<\/p>","protected":false},"author":1,"featured_media":0,"parent":0,"menu_order":0,"comment_status":"closed","ping_status":"closed","template":"","meta":{"om_disable_all_campaigns":false,"inline_featured_image":false,"footnotes":""},"class_list":["post-4910","page","type-page","status-publish","hentry"],"aioseo_notices":[],"_links":{"self":[{"href":"https:\/\/www.zakupywusa.com.pl\/en\/wp-json\/wp\/v2\/pages\/4910","targetHints":{"allow":["GET"]}}],"collection":[{"href":"https:\/\/www.zakupywusa.com.pl\/en\/wp-json\/wp\/v2\/pages"}],"about":[{"href":"https:\/\/www.zakupywusa.com.pl\/en\/wp-json\/wp\/v2\/types\/page"}],"author":[{"embeddable":true,"href":"https:\/\/www.zakupywusa.com.pl\/en\/wp-json\/wp\/v2\/users\/1"}],"replies":[{"embeddable":true,"href":"https:\/\/www.zakupywusa.com.pl\/en\/wp-json\/wp\/v2\/comments?post=4910"}],"version-history":[{"count":14,"href":"https:\/\/www.zakupywusa.com.pl\/en\/wp-json\/wp\/v2\/pages\/4910\/revisions"}],"predecessor-version":[{"id":4983,"href":"https:\/\/www.zakupywusa.com.pl\/en\/wp-json\/wp\/v2\/pages\/4910\/revisions\/4983"}],"wp:attachment":[{"href":"https:\/\/www.zakupywusa.com.pl\/en\/wp-json\/wp\/v2\/media?parent=4910"}],"curies":[{"name":"wp","href":"https:\/\/api.w.org\/{rel}","templated":true}]}}