{"id":2792,"date":"2019-12-09T10:31:18","date_gmt":"2019-12-09T09:31:18","guid":{"rendered":"http:\/\/transgo.iamabdus.com\/v1.1\/?page_id=2792"},"modified":"2026-01-06T16:48:12","modified_gmt":"2026-01-06T15:48:12","slug":"cennik","status":"publish","type":"page","link":"https:\/\/www.zakupywusa.com.pl\/en\/cennik\/","title":{"rendered":"Pricelist"},"content":{"rendered":"<div data-elementor-type=\"wp-page\" data-elementor-id=\"2792\" class=\"elementor elementor-2792\">\n\t\t\t\t\t\t\t\t\t<section class=\"elementor-section elementor-top-section elementor-element elementor-element-322b160 elementor-section-boxed elementor-section-height-default elementor-section-height-default\" data-id=\"322b160\" data-element_type=\"section\" data-settings=\"{&quot;background_background&quot;:&quot;classic&quot;}\">\n\t\t\t\t\t\t\t<div class=\"elementor-background-overlay\"><\/div>\n\t\t\t\t\t\t\t<div class=\"elementor-container elementor-column-gap-default\">\n\t\t\t\t\t<div class=\"elementor-column elementor-col-100 elementor-top-column elementor-element elementor-element-3de88d1\" data-id=\"3de88d1\" data-element_type=\"column\">\n\t\t\t<div class=\"elementor-widget-wrap elementor-element-populated\">\n\t\t\t\t\t\t\t\t<div class=\"elementor-element elementor-element-0097781 elementor-widget elementor-widget-bdt-advanced-heading\" data-id=\"0097781\" data-element_type=\"widget\" data-widget_type=\"bdt-advanced-heading.default\">\n\t\t\t\t<div class=\"elementor-widget-container\">\n\t\t\t<div id =\"0097781\" class=\"bdt-ep-advanced-heading\" data-settings=\"{&quot;titleMultiColor&quot;:&quot;no&quot;}\"><div class=\"bdt-ep-advanced-heading-sub-title\"><div class=\"bdt-ep-advanced-heading-sub-title-content\">GET A QUOTE<\/div><\/div> <h2 class=\"bdt-ep-advanced-heading-title\"><span class=\"bdt-ep-advanced-heading-main-title\"><span class=\"bdt-ep-advanced-heading-main-title-inner\">FOR PURCHASE FROM ANY EU STORE<\/span><\/span><\/h2><\/div>\t\t<\/div>\n\t\t\t\t<\/div>\n\t\t\t\t<div class=\"elementor-element elementor-element-5fc786f elementor-widget elementor-widget-text-editor\" data-id=\"5fc786f\" data-element_type=\"widget\" data-widget_type=\"text-editor.default\">\n\t\t\t\t<div class=\"elementor-widget-container\">\n\t\t\t<style>\/*! elementor - v3.11.3 - 07-03-2023 *\/\n.elementor-widget-text-editor.elementor-drop-cap-view-stacked .elementor-drop-cap{background-color:#818a91;color:#fff}.elementor-widget-text-editor.elementor-drop-cap-view-framed .elementor-drop-cap{color:#818a91;border:3px solid;background-color:transparent}.elementor-widget-text-editor:not(.elementor-drop-cap-view-default) .elementor-drop-cap{margin-top:8px}.elementor-widget-text-editor:not(.elementor-drop-cap-view-default) .elementor-drop-cap-letter{width:1em;height:1em}.elementor-widget-text-editor .elementor-drop-cap{float:left;text-align:center;line-height:1;font-size:50px}.elementor-widget-text-editor .elementor-drop-cap-letter{display:inline-block}<\/style>\t\t\t\t<p>Send us a link to the product or products you are interested in to any store in the EU. Within an hour you will receive a quote for delivering the product to your door along with the waiting time and information on how to order it.<\/p><p><span style=\"text-decoration: underline;\"><a href=\"mailto:kontakt@zakupywusa.com.pl\">Wy\u015blij do nas maila z linkami do produkt\u00f3w kontakt@zakupywusa.com.pl<\/a><\/span><\/p>\t\t\t\t\t\t<\/div>\n\t\t\t\t<\/div>\n\t\t\t\t\t<\/div>\n\t\t<\/div>\n\t\t\t\t\t\t\t<\/div>\n\t\t<\/section>\n\t\t\t\t<section class=\"elementor-section elementor-top-section elementor-element elementor-element-79ddd17 elementor-section-boxed elementor-section-height-default elementor-section-height-default\" data-id=\"79ddd17\" data-element_type=\"section\" data-settings=\"{&quot;background_background&quot;:&quot;gradient&quot;}\">\n\t\t\t\t\t\t<div class=\"elementor-container elementor-column-gap-default\">\n\t\t\t\t\t<div class=\"elementor-column elementor-col-100 elementor-top-column elementor-element elementor-element-be20746\" data-id=\"be20746\" data-element_type=\"column\" data-settings=\"{&quot;background_background&quot;:&quot;classic&quot;}\">\n\t\t\t<div class=\"elementor-widget-wrap elementor-element-populated\">\n\t\t\t\t\t<div class=\"elementor-background-overlay\"><\/div>\n\t\t\t\t\t\t\t\t<div class=\"elementor-element elementor-element-c8b9319 request-for-quote elementor-widget elementor-widget-bdt-contact-form-7\" data-id=\"c8b9319\" data-element_type=\"widget\" data-widget_type=\"bdt-contact-form-7.default\">\n\t\t\t\t<div class=\"elementor-widget-container\">\n\t\t\t\n<div class=\"wpcf7 no-js\" id=\"wpcf7-f4848-o1\" lang=\"en-US\" dir=\"ltr\">\n<div class=\"screen-reader-response\"><p role=\"status\" aria-live=\"polite\" aria-atomic=\"true\"><\/p> <ul><\/ul><\/div>\n<form action=\"\/en\/wp-json\/wp\/v2\/pages\/2792#wpcf7-f4848-o1\" method=\"post\" class=\"wpcf7-form init\" aria-label=\"Contact form\" novalidate=\"novalidate\" data-status=\"init\" data-trp-original-action=\"\/en\/wp-json\/wp\/v2\/pages\/2792#wpcf7-f4848-o1\">\n<div style=\"display: none;\">\n<input type=\"hidden\" name=\"_wpcf7\" value=\"4848\" \/>\n<input type=\"hidden\" name=\"_wpcf7_version\" value=\"5.7.4\" \/>\n<input type=\"hidden\" name=\"_wpcf7_locale\" value=\"en_US\" \/>\n<input type=\"hidden\" name=\"_wpcf7_unit_tag\" value=\"wpcf7-f4848-o1\" \/>\n<input type=\"hidden\" name=\"_wpcf7_container_post\" value=\"0\" \/>\n<input type=\"hidden\" name=\"_wpcf7_posted_data_hash\" value=\"\" \/>\n<input type=\"hidden\" name=\"_wpcf7_recaptcha_response\" value=\"\" \/>\n<\/div>\n<p><label class=\"input_label\" for=\"name\">Name<\/label><br \/>\n<span class=\"wpcf7-form-control-wrap\" data-name=\"text-410\"><input size=\"40\" class=\"wpcf7-form-control wpcf7-text wpcf7-validates-as-required contact-name\" id=\"name\" aria-required=\"true\" aria-invalid=\"false\" placeholder=\"Imi\u0119 *wymagane\" value=\"\" type=\"text\" name=\"text-410\" \/><\/span><br \/>\n<label class=\"input_label\" for=\"mail\">E-mail<\/label><br \/>\n<span class=\"wpcf7-form-control-wrap\" data-name=\"email-979\"><input size=\"40\" class=\"wpcf7-form-control wpcf7-text wpcf7-email wpcf7-validates-as-required wpcf7-validates-as-email contact-email\" id=\"email\" aria-required=\"true\" aria-invalid=\"false\" placeholder=\"E-mail *wymagane\" value=\"\" type=\"email\" name=\"email-979\" \/><\/span><br \/>\n<label class=\"input_label\" for=\"message\">Message<\/label><br \/>\n<span class=\"wpcf7-form-control-wrap\" data-name=\"textarea-135\"><textarea cols=\"40\" rows=\"10\" class=\"wpcf7-form-control wpcf7-textarea wpcf7-validates-as-required contact-message\" id=\"Message\" aria-required=\"true\" aria-invalid=\"false\" placeholder=\"Linki do produktu\/\u00f3w: *wymagane\" name=\"textarea-135\"><\/textarea><\/span>\n<\/p>\n<p><label class=\"very-special-field\"><br \/>\n<span class=\"wpcf7-form-control-wrap\" data-name=\"quiz-189\"><label><span class=\"wpcf7-quiz-label\">Wpisz poni\u017cej ile to jest 2 plus 2? (zabezpieczenie przed spamem)<\/span> <input size=\"1\" maxlength=\"1\" class=\"wpcf7-form-control wpcf7-quiz\" autocomplete=\"off\" aria-required=\"true\" aria-invalid=\"false\" type=\"text\" name=\"quiz-189\" \/><\/label><input type=\"hidden\" name=\"_wpcf7_quiz_answer_quiz-189\" value=\"fc1d371ae6f7ccfe9ef012553d79b3de\" \/><\/span><br \/>\n<input class=\"wpcf7-form-control has-spinner wpcf7-submit contact-btn\" type=\"submit\" value=\"Send\" \/><br \/>\n<!-- Mailchimp for WordPress v4.9.1 - https:\/\/www.mc4wp.com\/ --><input type=\"hidden\" name=\"_mc4wp_subscribe_contact-form-7\" value=\"0\" \/><span class=\"mc4wp-checkbox mc4wp-checkbox-contact-form-7\" ><label><input type=\"checkbox\" name=\"_mc4wp_subscribe_contact-form-7\" value=\"1\" checked=\"checked\"  \/><span>I want to access special promotions<\/span><\/label><\/span><!-- \/ Mailchimp for WordPress --><\/label>\n<\/p><p style=\"display: none !important;\"><label>&#916;<textarea name=\"_wpcf7_ak_hp_textarea\" cols=\"45\" rows=\"8\" maxlength=\"100\"><\/textarea><\/label><input type=\"hidden\" id=\"ak_js_1\" name=\"_wpcf7_ak_js\" value=\"99\"\/><script>document.getElementById( \"ak_js_1\" ).setAttribute( \"value\", ( new Date() ).getTime() );<\/script><\/p><div class=\"wpcf7-response-output\" aria-hidden=\"true\"><\/div>\n<input type=\"hidden\" name=\"trp-form-language\" value=\"en\"\/><\/form>\n<\/div>\n\t\t<\/div>\n\t\t\t\t<\/div>\n\t\t\t\t\t<\/div>\n\t\t<\/div>\n\t\t\t\t\t\t\t<\/div>\n\t\t<\/section>\n\t\t\t\t\t\t\t<\/div>","protected":false},"excerpt":{"rendered":"<p>UZYSKAJ WYCEN\u0118 NA ZAKUP Z DOWOLNEGO SKLEPU W USA Wy\u015blij nam link do produktu lub produkt\u00f3w jakie Ci\u0119 interesuj\u0105 do &hellip;<\/p>","protected":false},"author":1,"featured_media":0,"parent":0,"menu_order":0,"comment_status":"closed","ping_status":"closed","template":"","meta":{"om_disable_all_campaigns":false,"inline_featured_image":false,"footnotes":""},"class_list":["post-2792","page","type-page","status-publish","hentry"],"aioseo_notices":[],"_links":{"self":[{"href":"https:\/\/www.zakupywusa.com.pl\/en\/wp-json\/wp\/v2\/pages\/2792","targetHints":{"allow":["GET"]}}],"collection":[{"href":"https:\/\/www.zakupywusa.com.pl\/en\/wp-json\/wp\/v2\/pages"}],"about":[{"href":"https:\/\/www.zakupywusa.com.pl\/en\/wp-json\/wp\/v2\/types\/page"}],"author":[{"embeddable":true,"href":"https:\/\/www.zakupywusa.com.pl\/en\/wp-json\/wp\/v2\/users\/1"}],"replies":[{"embeddable":true,"href":"https:\/\/www.zakupywusa.com.pl\/en\/wp-json\/wp\/v2\/comments?post=2792"}],"version-history":[{"count":29,"href":"https:\/\/www.zakupywusa.com.pl\/en\/wp-json\/wp\/v2\/pages\/2792\/revisions"}],"predecessor-version":[{"id":4949,"href":"https:\/\/www.zakupywusa.com.pl\/en\/wp-json\/wp\/v2\/pages\/2792\/revisions\/4949"}],"wp:attachment":[{"href":"https:\/\/www.zakupywusa.com.pl\/en\/wp-json\/wp\/v2\/media?parent=2792"}],"curies":[{"name":"wp","href":"https:\/\/api.w.org\/{rel}","templated":true}]}}